{"id":813,"date":"2025-08-29T21:50:53","date_gmt":"2025-08-29T21:50:53","guid":{"rendered":"https:\/\/abogadosmf.com\/?page_id=813"},"modified":"2025-12-01T19:01:14","modified_gmt":"2025-12-01T19:01:14","slug":"nuestros-servicios","status":"publish","type":"page","link":"https:\/\/abogadosmf.com\/?page_id=813","title":{"rendered":"Nuestros servicios"},"content":{"rendered":"\t\t<div data-elementor-type=\"wp-page\" data-elementor-id=\"813\" class=\"elementor elementor-813\" data-elementor-post-type=\"page\">\n\t\t\t\t\t\t<section class=\"elementor-section elementor-top-section elementor-element elementor-element-23471a07 elementor-section-boxed elementor-section-height-default elementor-section-height-default\" data-id=\"23471a07\" data-element_type=\"section\">\n\t\t\t\t\t\t<div class=\"elementor-container elementor-column-gap-default\">\n\t\t\t\t\t<div class=\"elementor-column elementor-col-100 elementor-top-column elementor-element elementor-element-43368fe0\" data-id=\"43368fe0\" data-element_type=\"column\">\n\t\t\t<div class=\"elementor-widget-wrap elementor-element-populated\">\n\t\t\t\t\t\t<div class=\"elementor-element elementor-element-3a190c04 de_scroll_animation_no elementor-widget elementor-widget-heading\" data-id=\"3a190c04\" data-element_type=\"widget\" data-widget_type=\"heading.default\">\n\t\t\t\t\t<h2 class=\"elementor-heading-title elementor-size-default\">Soluciones Legales Estrat\u00e9gicas para Mentes Visionarias<\/h2>\t\t\t\t<\/div>\n\t\t\t\t\t<\/div>\n\t\t<\/div>\n\t\t\t\t\t<\/div>\n\t\t<\/section>\n\t\t\t\t<section class=\"elementor-section elementor-top-section elementor-element elementor-element-43d566e elementor-section-boxed elementor-section-height-default elementor-section-height-default\" data-id=\"43d566e\" data-element_type=\"section\">\n\t\t\t\t\t\t<div class=\"elementor-container elementor-column-gap-default\">\n\t\t\t\t\t<div class=\"elementor-column elementor-col-100 elementor-top-column elementor-element elementor-element-b04c78b\" data-id=\"b04c78b\" data-element_type=\"column\">\n\t\t\t<div class=\"elementor-widget-wrap elementor-element-populated\">\n\t\t\t\t\t\t<div class=\"elementor-element elementor-element-b777fdb de_scroll_animation_no elementor-widget elementor-widget-text-editor\" data-id=\"b777fdb\" data-element_type=\"widget\" data-widget_type=\"text-editor.default\">\n\t\t\t\t\t\t\t\t\t<p>Te asesoramos con inteligencia jur\u00eddica, visi\u00f3n de negocio y cercan\u00eda humana para que tomes decisiones con respaldo legal s\u00f3lido y sin perder tiempo.<\/p>\t\t\t\t\t\t\t\t<\/div>\n\t\t\t\t\t<\/div>\n\t\t<\/div>\n\t\t\t\t\t<\/div>\n\t\t<\/section>\n\t\t\t\t<section class=\"elementor-section elementor-top-section elementor-element elementor-element-6e76b23 elementor-section-boxed elementor-section-height-default elementor-section-height-default\" data-id=\"6e76b23\" data-element_type=\"section\">\n\t\t\t\t\t\t<div class=\"elementor-container elementor-column-gap-default\">\n\t\t\t\t\t<div class=\"elementor-column elementor-col-100 elementor-top-column elementor-element elementor-element-234195d\" data-id=\"234195d\" data-element_type=\"column\">\n\t\t\t<div class=\"elementor-widget-wrap elementor-element-populated\">\n\t\t\t\t\t\t<div class=\"elementor-element elementor-element-d71be59 elementor-tabs-view-horizontal de_scroll_animation_no elementor-widget elementor-widget-tabs\" data-id=\"d71be59\" data-element_type=\"widget\" data-widget_type=\"tabs.default\">\n\t\t\t\t\t\t\t<div class=\"elementor-tabs\">\n\t\t\t<div class=\"elementor-tabs-wrapper\" role=\"tablist\" >\n\t\t\t\t\t\t\t\t\t<div id=\"elementor-tab-title-2251\" class=\"elementor-tab-title elementor-tab-desktop-title\" aria-selected=\"true\" data-tab=\"1\" role=\"tab\" tabindex=\"0\" aria-controls=\"elementor-tab-content-2251\" aria-expanded=\"false\">Litigios Civiles<\/div>\n\t\t\t\t\t\t\t\t\t<div id=\"elementor-tab-title-2252\" class=\"elementor-tab-title elementor-tab-desktop-title\" aria-selected=\"false\" data-tab=\"2\" role=\"tab\" tabindex=\"-1\" aria-controls=\"elementor-tab-content-2252\" aria-expanded=\"false\">Escrituras, contratos y registro\/saneamiento de Inmuebles<\/div>\n\t\t\t\t\t\t\t\t\t<div id=\"elementor-tab-title-2253\" class=\"elementor-tab-title elementor-tab-desktop-title\" aria-selected=\"false\" data-tab=\"3\" role=\"tab\" tabindex=\"-1\" aria-controls=\"elementor-tab-content-2253\" aria-expanded=\"false\">Laboral<\/div>\n\t\t\t\t\t\t\t\t\t<div id=\"elementor-tab-title-2254\" class=\"elementor-tab-title elementor-tab-desktop-title\" aria-selected=\"false\" data-tab=\"4\" role=\"tab\" tabindex=\"-1\" aria-controls=\"elementor-tab-content-2254\" aria-expanded=\"false\">Familia<\/div>\n\t\t\t\t\t\t\t\t\t<div id=\"elementor-tab-title-2255\" class=\"elementor-tab-title elementor-tab-desktop-title\" aria-selected=\"false\" data-tab=\"5\" role=\"tab\" tabindex=\"-1\" aria-controls=\"elementor-tab-content-2255\" aria-expanded=\"false\">Deportivo y Espect\u00e1culo<\/div>\n\t\t\t\t\t\t\t<\/div>\n\t\t\t<div class=\"elementor-tabs-content-wrapper\" role=\"tablist\" aria-orientation=\"vertical\">\n\t\t\t\t\t\t\t\t\t<div class=\"elementor-tab-title elementor-tab-mobile-title\" aria-selected=\"true\" data-tab=\"1\" role=\"tab\" tabindex=\"0\" aria-controls=\"elementor-tab-content-2251\" aria-expanded=\"false\">Litigios Civiles<\/div>\n\t\t\t\t\t<div id=\"elementor-tab-content-2251\" class=\"elementor-tab-content elementor-clearfix\" data-tab=\"1\" role=\"tabpanel\" aria-labelledby=\"elementor-tab-title-2251\" tabindex=\"0\" hidden=\"false\"><p>Representamos a nuestros clientes en conflictos que requieren un procedimiento judicial, como por ejemplo, incumplimientos o resoluci\u00f3n de contratos, indemnizaciones de da\u00f1os en materia contractual y extracontractual, disputas sobre dominio y posesi\u00f3n de bienes, nulidades de actos y contratos, conflictos sucesorios, declaraci\u00f3n de interdicciones. En general, responsabilidad civil por da\u00f1os derivados de incumplimientos contractuales y extracontractuales.<\/p><p>Adem\u00e1s, representamos tanto a acreedores como a deudores en procesos de cobro de obligaciones respaldadas por un t\u00edtulo ejecutivo, como, por ejemplos, \u00a0cheques, pagar\u00e9s, facturas, letras de cambio. En los llamados, juicios ejecutivos. A los acreedores, los acompa\u00f1amos en la preparaci\u00f3n y tramitaci\u00f3n de la demanda ejecutiva, medidas de apremios (embargos), gestiones de pago y ejecuci\u00f3n para la recuperaci\u00f3n efectiva de sus cr\u00e9ditos.<\/p><p>A los deudores, les brindamos asesor\u00eda especializada para ejercer defensas y oposiciones, negociar acuerdos de pago y proteger su patrimonio dentro de los m\u00e1rgenes que otorga la ley.<\/p><p>Nuestro compromiso es entregar una estrategia jur\u00eddica clara y eficiente, adaptada a la posici\u00f3n de cada cliente, con el objetivo de resguardar sus derechos e intereses en todas las etapas del proceso.<\/p><\/div>\n\t\t\t\t\t\t\t\t\t<div class=\"elementor-tab-title elementor-tab-mobile-title\" aria-selected=\"false\" data-tab=\"2\" role=\"tab\" tabindex=\"-1\" aria-controls=\"elementor-tab-content-2252\" aria-expanded=\"false\">Escrituras, contratos y registro\/saneamiento de Inmuebles<\/div>\n\t\t\t\t\t<div id=\"elementor-tab-content-2252\" class=\"elementor-tab-content elementor-clearfix\" data-tab=\"2\" role=\"tabpanel\" aria-labelledby=\"elementor-tab-title-2252\" tabindex=\"0\" hidden=\"hidden\"><p>En el \u00e1rea de escrituras p\u00fablicas y contratos asesoramos a nuestros clientes en la redacci\u00f3n, revisi\u00f3n y formalizaci\u00f3n de documentos legales, asegurando que cada acto jur\u00eddico se ajuste a la normativa vigente y proteja de manera adecuada sus intereses. Nuestros servicios incluyen, principalmente, compraventa de bienes ra\u00edces, constituci\u00f3n, modificaci\u00f3n y disoluci\u00f3n de sociedades, promesas de compraventa, mandatos, Hipotecas y Prendas, contratos de arrendamientos, reconocimientos de deudas, cesiones de acciones y derechos hereditarios.<\/p><p>Sabemos que cada escritura tiene implicancias jur\u00eddicas relevantes, por lo que ofrecemos una asesor\u00eda integral y preventiva, con el fin de otorgar certeza y seguridad a las partes en sus acuerdos y transacciones.<\/p><p>Nuestro equipo acompa\u00f1a al cliente en todo el proceso: desde la negociaci\u00f3n y redacci\u00f3n de los contratos hasta la firma y -cuando corresponde- el registro en el Conservador de Bienes Ra\u00edces u otros registros p\u00fablicos.<\/p><\/div>\n\t\t\t\t\t\t\t\t\t<div class=\"elementor-tab-title elementor-tab-mobile-title\" aria-selected=\"false\" data-tab=\"3\" role=\"tab\" tabindex=\"-1\" aria-controls=\"elementor-tab-content-2253\" aria-expanded=\"false\">Laboral<\/div>\n\t\t\t\t\t<div id=\"elementor-tab-content-2253\" class=\"elementor-tab-content elementor-clearfix\" data-tab=\"3\" role=\"tabpanel\" aria-labelledby=\"elementor-tab-title-2253\" tabindex=\"0\" hidden=\"hidden\"><p>Representamos a nuestros clientes mediante auditorias preventivas a fin de identificar y corregir los procedimientos laborales. As\u00ed mismo, prestamos asesor\u00eda durante fiscalizaciones de la Inspecci\u00f3n o Direcci\u00f3n del Trabajo y consultor\u00edas en asuntos sindicales, adem\u00e1s de apoyo en negociaciones colectivas y resoluci\u00f3n de conflictos.\u00a0<\/p><p>Adicionalmente ofrecemos representaci\u00f3n legal en litigios laborales en materias de t\u00e9rmino de relaci\u00f3n laboral como en procesos de Tutela Laboral, Ley Karin y reclamaci\u00f3n judicial, Indemnizaciones por accidente del trabajo.<\/p><\/div>\n\t\t\t\t\t\t\t\t\t<div class=\"elementor-tab-title elementor-tab-mobile-title\" aria-selected=\"false\" data-tab=\"4\" role=\"tab\" tabindex=\"-1\" aria-controls=\"elementor-tab-content-2254\" aria-expanded=\"false\">Familia<\/div>\n\t\t\t\t\t<div id=\"elementor-tab-content-2254\" class=\"elementor-tab-content elementor-clearfix\" data-tab=\"4\" role=\"tabpanel\" aria-labelledby=\"elementor-tab-title-2254\" tabindex=\"0\" hidden=\"hidden\"><p>Entregamos asesor\u00eda y representaci\u00f3n en asuntos que involucran las relaciones de matrimonio y filiaci\u00f3n, siempre con un enfoque humano y confidencial. Sabemos que los conflictos familiares suelen ser procesos sensibles por lo que acompa\u00f1amos a nuestros clientes con empat\u00eda y profesionalismo, buscando siempre el mejor resultado posible mediante acuerdos extrajudiciales o representaci\u00f3n en tribunales de familia en diversas materias, entre ellos, Divorcios por mutuo acuerdo, unilateral o culposo, mediaciones y soluciones colaborativas, acuerdos completos y suficientes en materia de alimentos y r\u00e9gimen comunicacional,\u00a0 declaraci\u00f3n de bien familiar.<\/p><\/div>\n\t\t\t\t\t\t\t\t\t<div class=\"elementor-tab-title elementor-tab-mobile-title\" aria-selected=\"false\" data-tab=\"5\" role=\"tab\" tabindex=\"-1\" aria-controls=\"elementor-tab-content-2255\" aria-expanded=\"false\">Deportivo y Espect\u00e1culo<\/div>\n\t\t\t\t\t<div id=\"elementor-tab-content-2255\" class=\"elementor-tab-content elementor-clearfix\" data-tab=\"5\" role=\"tabpanel\" aria-labelledby=\"elementor-tab-title-2255\" tabindex=\"0\" hidden=\"hidden\"><p>Representamos a nuestros clientes con soluciones r\u00e1pidas como exige el mercado o industria del deporte profesional y espect\u00e1culo. As\u00ed, asesoramos a Sociedades An\u00f3nimas Deportivas Profesionales, deportistas, artistas, compositores, agentes o representantes, Asociaciones Deportivas, Federaciones, entre otros. Tanto a nivel nacional como internacional, entre otras, en contratos de cesiones temporales o definitivas de sus derechos, contratos individuales de trabajo o actuaciones, registros de derechos de imagen o identidad, reg\u00edmenes disciplinarios o indemnizatorios.<\/p><p>Nuestro compromiso es entregar una asistencia t\u00e9cnica y especializada buscando innovar constantemente en una actividad que tiene dicha caracter\u00edstica y din\u00e1mico en cambios.<\/p><\/div>\n\t\t\t\t\t\t\t<\/div>\n\t\t<\/div>\n\t\t\t\t\t\t<\/div>\n\t\t\t\t\t<\/div>\n\t\t<\/div>\n\t\t\t\t\t<\/div>\n\t\t<\/section>\n\t\t\t\t<section class=\"elementor-section elementor-top-section elementor-element elementor-element-fc618f8 elementor-section-boxed elementor-section-height-default elementor-section-height-default\" data-id=\"fc618f8\" data-element_type=\"section\">\n\t\t\t\t\t\t<div class=\"elementor-container elementor-column-gap-default\">\n\t\t\t\t\t<div class=\"elementor-column elementor-col-100 elementor-top-column elementor-element elementor-element-297d4d6\" data-id=\"297d4d6\" data-element_type=\"column\">\n\t\t\t<div class=\"elementor-widget-wrap elementor-element-populated\">\n\t\t\t\t\t\t<div class=\"elementor-element elementor-element-9111e6e de_scroll_animation_no elementor-widget elementor-widget-text-editor\" data-id=\"9111e6e\" data-element_type=\"widget\" data-widget_type=\"text-editor.default\">\n\t\t\t\t\t\t\t\t\t<p>Para m\u00e1s informaci\u00f3n, no dude en contactarnos:<\/p>\t\t\t\t\t\t\t\t<\/div>\n\t\t\t\t\t<\/div>\n\t\t<\/div>\n\t\t\t\t\t<\/div>\n\t\t<\/section>\n\t\t\t\t<section class=\"elementor-section elementor-top-section elementor-element elementor-element-3be92ca elementor-section-boxed elementor-section-height-default elementor-section-height-default\" data-id=\"3be92ca\" data-element_type=\"section\">\n\t\t\t\t\t\t<div class=\"elementor-container elementor-column-gap-default\">\n\t\t\t\t\t<div class=\"elementor-column elementor-col-100 elementor-top-column elementor-element elementor-element-2e3d234\" data-id=\"2e3d234\" data-element_type=\"column\">\n\t\t\t<div class=\"elementor-widget-wrap elementor-element-populated\">\n\t\t\t\t\t\t<div class=\"elementor-element elementor-element-c224fd8 elementor-button-align-stretch de_scroll_animation_no elementor-widget elementor-widget-form\" data-id=\"c224fd8\" data-element_type=\"widget\" data-settings=\"{&quot;step_next_label&quot;:&quot;Next&quot;,&quot;step_previous_label&quot;:&quot;Previous&quot;,&quot;button_width&quot;:&quot;100&quot;,&quot;step_type&quot;:&quot;number_text&quot;,&quot;step_icon_shape&quot;:&quot;circle&quot;}\" data-widget_type=\"form.default\">\n\t\t\t\t<div class=\"elementor-widget-container\">\n\t\t\t\t\t\t\t<form class=\"elementor-form\" method=\"post\" name=\"New Form\">\n\t\t\t<input type=\"hidden\" name=\"post_id\" value=\"813\"\/>\n\t\t\t<input type=\"hidden\" name=\"form_id\" value=\"c224fd8\"\/>\n\t\t\t<input type=\"hidden\" name=\"referer_title\" value=\"Nuestros servicios\" \/>\n\n\t\t\t\t\t\t\t<input type=\"hidden\" name=\"queried_id\" value=\"813\"\/>\n\t\t\t\n\t\t\t<div class=\"elementor-form-fields-wrapper elementor-labels-above\">\n\t\t\t\t\t\t\t\t<div class=\"elementor-field-type-text elementor-field-group elementor-column elementor-field-group-name elementor-col-100\">\n\t\t\t\t\t\t\t\t\t\t\t\t<label for=\"form-field-name\" class=\"elementor-field-label\">\n\t\t\t\t\t\t\t\tNombre\t\t\t\t\t\t\t<\/label>\n\t\t\t\t\t\t\t\t\t\t\t\t\t\t<input size=\"1\" type=\"text\" name=\"form_fields[name]\" id=\"form-field-name\" class=\"elementor-field elementor-size-sm  elementor-field-textual\" placeholder=\"Nombre\">\n\t\t\t\t\t\t\t\t\t\t\t<\/div>\n\t\t\t\t\t\t\t\t<div class=\"elementor-field-type-email elementor-field-group elementor-column elementor-field-group-email elementor-col-100 elementor-field-required\">\n\t\t\t\t\t\t\t\t\t\t\t\t<label for=\"form-field-email\" class=\"elementor-field-label\">\n\t\t\t\t\t\t\t\tEmail\t\t\t\t\t\t\t<\/label>\n\t\t\t\t\t\t\t\t\t\t\t\t\t\t<input size=\"1\" type=\"email\" name=\"form_fields[email]\" id=\"form-field-email\" class=\"elementor-field elementor-size-sm  elementor-field-textual\" placeholder=\"Email\" required=\"required\" aria-required=\"true\">\n\t\t\t\t\t\t\t\t\t\t\t<\/div>\n\t\t\t\t\t\t\t\t<div class=\"elementor-field-type-textarea elementor-field-group elementor-column elementor-field-group-message elementor-col-100\">\n\t\t\t\t\t\t\t\t\t\t\t\t<label for=\"form-field-message\" class=\"elementor-field-label\">\n\t\t\t\t\t\t\t\tMensaje\t\t\t\t\t\t\t<\/label>\n\t\t\t\t\t\t<textarea class=\"elementor-field-textual elementor-field  elementor-size-sm\" name=\"form_fields[message]\" id=\"form-field-message\" rows=\"4\" placeholder=\"Mensaje\"><\/textarea>\t\t\t\t<\/div>\n\t\t\t\t\t\t\t\t<div class=\"elementor-field-group elementor-column elementor-field-type-submit elementor-col-100 e-form__buttons\">\n\t\t\t\t\t<button class=\"elementor-button elementor-size-sm\" type=\"submit\">\n\t\t\t\t\t\t<span class=\"elementor-button-content-wrapper\">\n\t\t\t\t\t\t\t\t\t\t\t\t\t\t\t\t\t\t\t\t\t\t<span class=\"elementor-button-text\">Enviar<\/span>\n\t\t\t\t\t\t\t\t\t\t\t\t\t<\/span>\n\t\t\t\t\t<\/button>\n\t\t\t\t<\/div>\n\t\t\t<\/div>\n\t\t<\/form>\n\t\t\t\t\t\t<\/div>\n\t\t\t\t<\/div>\n\t\t\t\t\t<\/div>\n\t\t<\/div>\n\t\t\t\t\t<\/div>\n\t\t<\/section>\n\t\t\t\t<\/div>\n\t\t","protected":false},"excerpt":{"rendered":"<p>Soluciones Legales Estrat\u00e9gicas para Mentes Visionarias Te asesoramos con inteligencia jur\u00eddica, visi\u00f3n de negocio y cercan\u00eda humana para que tomes decisiones con respaldo legal s\u00f3lido y sin perder tiempo. Litigios Civiles Escrituras, contratos y registro\/saneamiento de Inmuebles Laboral Familia Deportivo y Espect\u00e1culo Litigios Civiles Representamos a nuestros clientes en conflictos que requieren un procedimiento judicial, [&hellip;]<\/p>\n","protected":false},"author":1,"featured_media":0,"parent":0,"menu_order":0,"comment_status":"closed","ping_status":"closed","template":"","meta":{"site-sidebar-layout":"no-sidebar","site-content-layout":"","ast-site-content-layout":"full-width-container","site-content-style":"default","site-sidebar-style":"default","ast-global-header-display":"","ast-banner-title-visibility":"","ast-main-header-display":"","ast-hfb-above-header-display":"","ast-hfb-below-header-display":"","ast-hfb-mobile-header-display":"","site-post-title":"","ast-breadcrumbs-content":"","ast-featured-img":"disabled","footer-sml-layout":"","theme-transparent-header-meta":"","adv-header-id-meta":"","stick-header-meta":"","header-above-stick-meta":"","header-main-stick-meta":"","header-below-stick-meta":"","astra-migrate-meta-layouts":"default","ast-page-background-enabled":"default","ast-page-background-meta":{"desktop":{"background-color":"var(--ast-global-color-5)","background-image":"","background-repeat":"repeat","background-position":"center center","background-size":"auto","background-attachment":"scroll","background-type":"","background-media":"","overlay-type":"","overlay-color":"","overlay-opacity":"","overlay-gradient":""},"tablet":{"background-color":"","background-image":"","background-repeat":"repeat","background-position":"center center","background-size":"auto","background-attachment":"scroll","background-type":"","background-media":"","overlay-type":"","overlay-color":"","overlay-opacity":"","overlay-gradient":""},"mobile":{"background-color":"","background-image":"","background-repeat":"repeat","background-position":"center center","background-size":"auto","background-attachment":"scroll","background-type":"","background-media":"","overlay-type":"","overlay-color":"","overlay-opacity":"","overlay-gradient":""}},"ast-content-background-meta":{"desktop":{"background-color":"var(--ast-global-color-4)","background-image":"","background-repeat":"repeat","background-position":"center center","background-size":"auto","background-attachment":"scroll","background-type":"","background-media":"","overlay-type":"","overlay-color":"","overlay-opacity":"","overlay-gradient":""},"tablet":{"background-color":"var(--ast-global-color-4)","background-image":"","background-repeat":"repeat","background-position":"center center","background-size":"auto","background-attachment":"scroll","background-type":"","background-media":"","overlay-type":"","overlay-color":"","overlay-opacity":"","overlay-gradient":""},"mobile":{"background-color":"var(--ast-global-color-4)","background-image":"","background-repeat":"repeat","background-position":"center center","background-size":"auto","background-attachment":"scroll","background-type":"","background-media":"","overlay-type":"","overlay-color":"","overlay-opacity":"","overlay-gradient":""}},"footnotes":""},"class_list":["post-813","page","type-page","status-publish","hentry"],"_links":{"self":[{"href":"https:\/\/abogadosmf.com\/index.php?rest_route=\/wp\/v2\/pages\/813","targetHints":{"allow":["GET"]}}],"collection":[{"href":"https:\/\/abogadosmf.com\/index.php?rest_route=\/wp\/v2\/pages"}],"about":[{"href":"https:\/\/abogadosmf.com\/index.php?rest_route=\/wp\/v2\/types\/page"}],"author":[{"embeddable":true,"href":"https:\/\/abogadosmf.com\/index.php?rest_route=\/wp\/v2\/users\/1"}],"replies":[{"embeddable":true,"href":"https:\/\/abogadosmf.com\/index.php?rest_route=%2Fwp%2Fv2%2Fcomments&post=813"}],"version-history":[{"count":76,"href":"https:\/\/abogadosmf.com\/index.php?rest_route=\/wp\/v2\/pages\/813\/revisions"}],"predecessor-version":[{"id":1130,"href":"https:\/\/abogadosmf.com\/index.php?rest_route=\/wp\/v2\/pages\/813\/revisions\/1130"}],"wp:attachment":[{"href":"https:\/\/abogadosmf.com\/index.php?rest_route=%2Fwp%2Fv2%2Fmedia&parent=813"}],"curies":[{"name":"wp","href":"https:\/\/api.w.org\/{rel}","templated":true}]}}